{"id":14873,"date":"2017-03-24T09:19:30","date_gmt":"2017-03-24T09:19:30","guid":{"rendered":"https:\/\/fundacionnaturalife.org\/?page_id=14873"},"modified":"2018-09-27T07:01:39","modified_gmt":"2018-09-27T07:01:39","slug":"la-fundacion","status":"publish","type":"page","link":"https:\/\/fundacionnaturalife.org\/en\/la-fundacion\/","title":{"rendered":"La fundaci\u00f3n"},"content":{"rendered":"<div      class=\"vc_row wpb_row section vc_row-fluid  vc_custom_1490361260924\" style=' text-align:left;'><div class=\"full_section_inner clearfix\"><div class=\"wpb_column vc_column_container vc_col-sm-12\"><div class=\"vc_column-inner\"><div class=\"wpb_wrapper\"><div      class=\"vc_row wpb_row section vc_row-fluid vc_inner  vc_custom_1490361488780\" style=' text-align:left;'><div class=\"full_section_inner clearfix\"><div class=\"wpb_column vc_column_container vc_col-sm-12\"><div class=\"vc_column-inner\"><div class=\"wpb_wrapper\">\n\t<div class=\"wpb_text_column wpb_content_element\">\n\t\t<div class=\"wpb_wrapper\">\n\t\t\t<p style=\"text-align: left;\"><strong>Fundaci\u00f3n Natura Life\u00a0<\/strong>nace con el fin de\u00a0<strong>mejorar la calidad de vida<\/strong>\u00a0de la sociedad actual y las futuras generaciones, reduciendo y mitigando el impacto que el propio ser humano genera a trav\u00e9s de la mejora y protecci\u00f3n del\u00a0<strong>Medioambiente<\/strong>, llevando a cabo acciones integrales enmarcadas en el\u00a0<strong>desarrollo sostenible.<\/strong><\/p>\n\n\t\t<\/div> \n\t<\/div> <\/div><\/div><\/div><\/div><\/div>\n\t<div class=\"wpb_text_column wpb_content_element  vc_custom_1537354502439\">\n\t\t<div class=\"wpb_wrapper\">\n\t\t\t<h2>MISI\u00d3N \u00b7 VISI\u00d3N \u00b7 VALORES<\/h2>\n\n\t\t<\/div> \n\t<\/div> <div class='q_list circle'><\/p>\n<ul>\n<li>\n<h3><strong>MISI\u00d3N:<\/strong><\/h3>\n<p>Mejorar la <strong>calidad de vida de las personas<\/strong> (a corto, medio y largo plazo) a trav\u00e9s de acciones integrales sociales, educativas, cient\u00edficas y t\u00e9cnicas que mejoran su medio ambiente.<\/li>\n<li>\n<h3><strong>VISI\u00d3N:<\/strong><\/h3>\n<p>Una <strong>sociedad<\/strong> que entiende el <strong>medioambiente<\/strong> como conjunto de factores\u00a0naturales, sociales y culturales existentes en un lugar y en un momento determinado, que influyen en su vida y afectar\u00e1n a las generaciones futuras, en el que el concepto de <strong>sostenibilidad<\/strong> forma parte de la consciencia social, aplic\u00e1ndose a toda acci\u00f3n cotidiana.<\/li>\n<li>\n<h3><strong>VALORES:<br \/>\n<\/strong><\/h3>\n<p>La Fundaci\u00f3n Natura Life se fundamentan en los siguientes valores: honestidad, responsabilidad, solidaridad, cr\u00edtica constructiva, respeto, sensibilidad, servicio, independencia y universalidad.<\/p>\n<ul>\n<li><strong>Honestidad y transparencia:<\/strong> las acciones que planteamos se basan en conocimientos verificados y certificados, y quedan a disposici\u00f3n p\u00fablica para consulta y uso.<\/li>\n<li><strong>Compromiso:<\/strong> La fundaci\u00f3n es responsable y coherente, tiene consciencia de la problem\u00e1tica actual y es comprometida con sus propios valores y objetivos.<\/li>\n<li><strong>Consciencia:<\/strong> Tratamos cada problem\u00e1tica medioambiental local de forma espec\u00edfica, dando una respuesta integral adaptada, de forma eficaz y eficiente.<\/li>\n<li><strong>Solidaridad:<\/strong> ayudamos a las personas a trav\u00e9s de la preservaci\u00f3n y mejora del medioambiente, con una meta com\u00fan: dejar el mundo en mejores condiciones de c\u00f3mo lo encontramos.<\/li>\n<li><strong>Universalidad:<\/strong> para la Fundaci\u00f3n no existen fronteras, pudiendo llevar a cabo su actividad en cualquier lugar del mundo.<\/li>\n<li><strong>Independencia:<\/strong> Nos presentamos ajenos e independientes de injerencias de orden pol\u00edtico, ideol\u00f3gico o econ\u00f3mico, funcionando como herramienta para la sociedad, manteniendo una autonom\u00eda que permite actuar de acuerdo a los principios de la misma.<\/li>\n<\/ul>\n<\/li>\n<\/ul>\n<p><\/div><\/div><\/div><\/div><\/div><\/div><div      class=\"vc_row wpb_row section vc_row-fluid  vc_custom_1490361216875\" style=' text-align:left;'><div class=\"full_section_inner clearfix\"><div class=\"wpb_column vc_column_container vc_col-sm-12\"><div class=\"vc_column-inner\"><div class=\"wpb_wrapper\">\n\t<div class=\"q_accordion_holder clearfix wpb_content_element accordion without_icon  not-column-inherit\" data-active-tab=\"\" data-collapsible=\"no\" data-border-radius=\"\">\n\t\t\t\n\t\t\t\t<h5 class=\"clearfix title-holder\" style=\"color: #81d742;\"><span class=\"accordion_mark left_mark\"><span class=\"accordion_mark_icon\"><\/span><\/span><span class=\"tab-title\">PARA EL CUMPLIMIENTO DE SUS FINES, LA FUNDACI\u00d3N PUEDE REALIZAR, ENTRE OTRAS, LAS SIGUIENTES ACTIVIDADES:<\/span><span class=\"accordion_mark right_mark\"><span class=\"accordion_mark_icon\"><\/span><\/span><\/h5>\n\t\t\t\t<div  class=\"accordion_content no_icon\">\n\t\t\t<div class=\"accordion_content_inner\">\n\t\t\t\t\n\t<div class=\"wpb_text_column wpb_content_element\">\n\t\t<div class=\"wpb_wrapper\">\n\t\t\t<p style=\"font-weight: 400;\"><strong>Tanto en los proyectos propios como los espec\u00edficos del Banco.<\/strong><\/p>\n\n\t\t<\/div> \n\t<\/div> <div class='q_list circle'><\/p>\n<ul>\n<li>Colaboramos con entidades p\u00fablicas y privadas en el mantenimiento y mejora de los recursos naturales y energ\u00e9ticos;<\/li>\n<li>Realizamos estudios e investigaciones sobre todo lo relacionado con nuestros fines.<\/li>\n<li>Difundimos y promocionamos valores, concienciaci\u00f3n y sensibilizaci\u00f3n, relacionados con el Medioambiente rural y urbano.<\/li>\n<li>Celebramos de jornadas, cursos, conciertos, exposiciones, merchandising y otros foros, que a la vez de actuar de manera educativa y cultural, recauden fondos para impulsar los fines fundacionales.<\/li>\n<li>Damos formaci\u00f3n de cualquier tipo, que tenga que ver con el sector medio-ambiental;<\/li>\n<li>Participamos en la elaboraci\u00f3n de la pol\u00edtica del sector, actuando como interlocutor ante las Administraciones P\u00fablicas.<\/li>\n<li>Realizamos campa\u00f1as de concienciaci\u00f3n, a trav\u00e9s de cualquier canal o medio.<\/li>\n<li>Realizamos actividades educativas o culturales, que puedan divulgar el mensaje de protecci\u00f3n del Medioambiente y la captaci\u00f3n de fondos para dichos fines.<\/li>\n<li>Apoyamos cualquier acci\u00f3n que fomente la econom\u00eda social, local, as\u00ed como actividades de I+D que directa o indirectamente consigan una mejora para el Medioambiente.<\/li>\n<li>Promocionamos el voluntariado en defensa del Medioambiente y del entorno Rural.<\/li>\n<\/ul>\n<p><\/div>\n\t\t\t<\/div>\n\t\t\t\t<\/div>\n\n\t\t\t\t<h5 class=\"clearfix title-holder\" style=\"color: #81d742;\"><span class=\"accordion_mark left_mark\"><span class=\"accordion_mark_icon\"><\/span><\/span><span class=\"tab-title\">\u00bfC\u00d3MO SER\u00c1 EL DESARROLLO DE LOS FINES?<\/span><span class=\"accordion_mark right_mark\"><span class=\"accordion_mark_icon\"><\/span><\/span><\/h5>\n\t\t\t\t<div  class=\"accordion_content no_icon\">\n\t\t\t<div class=\"accordion_content_inner\">\n\t\t\t\t\n\t<div class=\"wpb_text_column wpb_content_element\">\n\t\t<div class=\"wpb_wrapper\">\n\t\t\t<p><strong>El desarrollo de los fines de la fundaci\u00f3n podr\u00e1 efectuarse:<\/strong><\/p>\n<ul>\n<li>Por la fundaci\u00f3n directamente, en instalaciones propias o ajenas.<\/li>\n<li>Creando o cooperando a la creaci\u00f3n de otras entidades de naturaleza asociativa, fundacional o societaria, de acuerdo con la legislaci\u00f3n vigente.<\/li>\n<li>Participando o colaborando en el desarrollo de las actividades de otras entidades, organismos, instituciones o personas de cualquier clase, f\u00edsicas y jur\u00eddicas, que de alg\u00fan modo puedan servir a los fines perseguidos por la fundaci\u00f3n.<\/li>\n<\/ul>\n\n\t\t<\/div> \n\t<\/div> \n\t\t\t<\/div>\n\t\t\t\t<\/div>\n\n\t\t\t\t<h5 class=\"clearfix title-holder\" style=\"color: #81d742;\"><span class=\"accordion_mark left_mark\"><span class=\"accordion_mark_icon\"><\/span><\/span><span class=\"tab-title\">EXPERIENCIA Y PRESENCIA<\/span><span class=\"accordion_mark right_mark\"><span class=\"accordion_mark_icon\"><\/span><\/span><\/h5>\n\t\t\t\t<div  class=\"accordion_content no_icon\">\n\t\t\t<div class=\"accordion_content_inner\">\n\t\t\t\t\n\t<div class=\"wpb_text_column wpb_content_element\">\n\t\t<div class=\"wpb_wrapper\">\n\t\t\t<ul>\n<li style=\"font-weight: 400;\">Contamos con unos grandes profesionales con m\u00e1s de 20 a\u00f1os de experiencia en el sector medioambiental, social y educativo.<\/li>\n<li style=\"font-weight: 400;\">Aportamos gran experiencia en dise\u00f1o, elaboraci\u00f3n y ejecuci\u00f3n de proyectos, y sobre todo, derrochamos pasi\u00f3n e ilusi\u00f3n en los proyectos que llevamos a cabo, siempre con ganas de hacer las cosas bien, sabiendo que lo que hacemos, es una herencia para nuestros hijos y generaciones venideras.<\/li>\n<li style=\"font-weight: 400;\">Como proyectos m\u00e1s relevantes podemos hablar de nuestra colaboraci\u00f3n en la campa\u00f1a de la ONU \u201cPlantemos para el Planeta\u201d, en la que conseguimos dinamizar la plantaci\u00f3n en Espa\u00f1a de 47 millones de \u00e1rboles, ejecutando, asesorando y supervisando los trabajos de una manera \u00e1gil y eficaz.<\/li>\n<li style=\"font-weight: 400;\">Otro proyecto destacado han sido las numerosas campa\u00f1as educando, sensibilizando en la lucha contra incendios, y de reforestaci\u00f3n de zonas incendiadas en toda la pen\u00ednsula e Islas Baleares, siendo nuestra principal zona de actuaci\u00f3n el Levante Nacional.<\/li>\n<li style=\"font-weight: 400;\">Disponemos de 3 sedes en Espa\u00f1a\u00a0 (Valencia, Murcia y Valladolid) y varias \u00e1reas de trabajo adicionales. Adem\u00e1s de proyectos de \u00e1mbito nacional y europeo, desarrollamos iniciativas dirigidas al cumplimiento de los Objetivos de Desarrollo Sostenible de Naciones Unidas.<\/li>\n<\/ul>\n\n\t\t<\/div> \n\t<\/div> \n\t\t\t<\/div>\n\t\t\t\t<\/div>\n\n\t\t\t\t<h5 class=\"clearfix title-holder\" style=\"color: #81d742;\"><span class=\"accordion_mark left_mark\"><span class=\"accordion_mark_icon\"><\/span><\/span><span class=\"tab-title\">Colaboraci\u00f3n<\/span><span class=\"accordion_mark right_mark\"><span class=\"accordion_mark_icon\"><\/span><\/span><\/h5>\n\t\t\t\t<div  class=\"accordion_content no_icon\">\n\t\t\t<div class=\"accordion_content_inner\">\n\t\t\t\t\n\t<div class=\"wpb_text_column wpb_content_element\">\n\t\t<div class=\"wpb_wrapper\">\n\t\t\t<ul>\n<li>Fomentamos el trabajo en red y la creaci\u00f3n de alianzas estrat\u00e9gicas.<\/li>\n<li>Colaboramos y somos mediadores con entidades p\u00fablicas, Diputaciones, Consejer\u00edas y Comunidades Aut\u00f3nomas.<\/li>\n<li>Creemos que trabajar de manera conjunta\u00a0 y crear valor para todos los sectores implicados, promoviendo pol\u00edticas de sostenibilidad y conservaci\u00f3n, es la mejor forma para proteger la naturaleza, la biodiversidad y el Medioambiente en general.<\/li>\n<\/ul>\n\n\t\t<\/div> \n\t<\/div> \n\t\t\t<\/div>\n\t\t\t\t<\/div>\n\n\t<\/div> <\/div><\/div><\/div><\/div><\/div>","protected":false},"excerpt":{"rendered":"Fundaci\u00f3n Natura Life\u00a0nace con el fin de\u00a0mejorar la calidad de vida\u00a0de la sociedad actual y las futuras generaciones, reduciendo y mitigando el impacto que el propio ser humano genera a trav\u00e9s de la mejora y protecci\u00f3n del\u00a0Medioambiente, llevando a cabo acciones integrales enmarcadas en el\u00a0desarrollo...","protected":false},"author":1,"featured_media":0,"parent":0,"menu_order":0,"comment_status":"closed","ping_status":"closed","template":"","meta":{"footnotes":""},"class_list":["post-14873","page","type-page","status-publish","hentry"],"aioseo_notices":[],"_links":{"self":[{"href":"https:\/\/fundacionnaturalife.org\/en\/wp-json\/wp\/v2\/pages\/14873","targetHints":{"allow":["GET"]}}],"collection":[{"href":"https:\/\/fundacionnaturalife.org\/en\/wp-json\/wp\/v2\/pages"}],"about":[{"href":"https:\/\/fundacionnaturalife.org\/en\/wp-json\/wp\/v2\/types\/page"}],"author":[{"embeddable":true,"href":"https:\/\/fundacionnaturalife.org\/en\/wp-json\/wp\/v2\/users\/1"}],"replies":[{"embeddable":true,"href":"https:\/\/fundacionnaturalife.org\/en\/wp-json\/wp\/v2\/comments?post=14873"}],"version-history":[{"count":0,"href":"https:\/\/fundacionnaturalife.org\/en\/wp-json\/wp\/v2\/pages\/14873\/revisions"}],"wp:attachment":[{"href":"https:\/\/fundacionnaturalife.org\/en\/wp-json\/wp\/v2\/media?parent=14873"}],"curies":[{"name":"wp","href":"https:\/\/api.w.org\/{rel}","templated":true}]}}