{"id":14876,"date":"2017-03-24T09:20:21","date_gmt":"2017-03-24T09:20:21","guid":{"rendered":"https:\/\/fundacionnaturalife.org\/?page_id=14876"},"modified":"2017-03-24T13:35:40","modified_gmt":"2017-03-24T13:35:40","slug":"humedales","status":"publish","type":"page","link":"https:\/\/fundacionnaturalife.org\/en\/humedales\/","title":{"rendered":"Humedales"},"content":{"rendered":"<div      class=\"vc_row wpb_row section vc_row-fluid  vc_custom_1490362536897\" style=' text-align:left;'><div class=\"full_section_inner clearfix\"><div class=\"wpb_column vc_column_container vc_col-sm-6\"><div class=\"vc_column-inner\"><div class=\"wpb_wrapper\">\n\t<div class=\"wpb_text_column wpb_content_element\">\n\t\t<div class=\"wpb_wrapper\">\n\t\t\t<p>Los humedales son vitales para la supervivencia humana. Son uno de los entornos m\u00e1s productivos del mundo, abarcan todos los lagos y r\u00edos, acu\u00edferos subterr\u00e1neos, marismas y pantanos, deltas, estuarios y bajos de marea, arrecifes coralinos, manglares y otras zonas costeras, pastizales h\u00famedos, turberas, oasis, y sitios artificiales como estanques pisc\u00edcolas, arrozales, embalses y salinas.<\/p>\n<p>La cantidad de especies animales y vegetales que dependen para subsistir de ellos son innumerables, ya que son fuentes de diversidad biol\u00f3gica, agua y productividad primaria.<\/p>\n<p>Brindan a la humanidad innumerables beneficios o \u00abservicios ecosist\u00e9micos\u00bb,como su papel en el ciclo hidrol\u00f3gico o en el clima global, como agua dulce, alimentos, biodiversidad, materiales de construcci\u00f3n, hasta control de crecidas, recarga de aguas subterr\u00e1neas y mitigaci\u00f3n del cambio clim\u00e1tico.., es por todo esto que creemos que no solo es\u00a0 importante conservarlos, sino transmitir a todo el mundo estos beneficios, importancia de los humedales e invitarlos a ponerlos en valor.<\/p>\n\n\t\t<\/div> \n\t<\/div> <\/div><\/div><\/div><div class=\"wpb_column vc_column_container vc_col-sm-6\"><div class=\"vc_column-inner\"><div class=\"wpb_wrapper\">\n\t<div class=\"wpb_text_column wpb_content_element\">\n\t\t<div class=\"wpb_wrapper\">\n\t\t\t<p>Un estudio tras otro demuestra que la superficie y la calidad de los humedales siguen disminuyendo en la mayor\u00eda de regiones del mundo. En consecuencia, los servicios de los ecosistemas que los humedales proporcionan a las personas se encuentran en peligro.<\/p>\n<p>Hay innumerables estudios que demuestran que los humedales est\u00e1n en peligro, ya que en todo el mundo han desaparecido sobre un 60% de zonas encharcables (solo en los \u00faltimos 60 a\u00f1os). En Espa\u00f1a ocurre algo parecido o si cabe de mayor magnitud dada su climatolog\u00eda y situaci\u00f3n, lo que hace preocupante su situaci\u00f3n.<\/p>\n<p>Es por lo anterior expuesto que para la Fundaci\u00f3n Natura Life, es una l\u00ednea de trabajo principal, dado que la restauraci\u00f3n, gesti\u00f3n, colaboraci\u00f3n con entidades gubernamentales y privadas (empresas y particulares ), es fundamental para la buena conservaci\u00f3n de nuestros humedales.<\/p>\n\n\t\t<\/div> \n\t<\/div> <\/div><\/div><\/div><\/div><\/div>","protected":false},"excerpt":{"rendered":"Los humedales son vitales para la supervivencia humana. Son uno de los entornos m\u00e1s productivos del mundo, abarcan todos los lagos y r\u00edos, acu\u00edferos subterr\u00e1neos, marismas y pantanos, deltas, estuarios y bajos de marea, arrecifes coralinos, manglares y otras zonas costeras, pastizales h\u00famedos, turberas, oasis,...","protected":false},"author":1,"featured_media":0,"parent":0,"menu_order":0,"comment_status":"closed","ping_status":"closed","template":"","meta":{"footnotes":""},"class_list":["post-14876","page","type-page","status-publish","hentry"],"aioseo_notices":[],"_links":{"self":[{"href":"https:\/\/fundacionnaturalife.org\/en\/wp-json\/wp\/v2\/pages\/14876","targetHints":{"allow":["GET"]}}],"collection":[{"href":"https:\/\/fundacionnaturalife.org\/en\/wp-json\/wp\/v2\/pages"}],"about":[{"href":"https:\/\/fundacionnaturalife.org\/en\/wp-json\/wp\/v2\/types\/page"}],"author":[{"embeddable":true,"href":"https:\/\/fundacionnaturalife.org\/en\/wp-json\/wp\/v2\/users\/1"}],"replies":[{"embeddable":true,"href":"https:\/\/fundacionnaturalife.org\/en\/wp-json\/wp\/v2\/comments?post=14876"}],"version-history":[{"count":0,"href":"https:\/\/fundacionnaturalife.org\/en\/wp-json\/wp\/v2\/pages\/14876\/revisions"}],"wp:attachment":[{"href":"https:\/\/fundacionnaturalife.org\/en\/wp-json\/wp\/v2\/media?parent=14876"}],"curies":[{"name":"wp","href":"https:\/\/api.w.org\/{rel}","templated":true}]}}