{"id":14878,"date":"2017-03-24T09:20:49","date_gmt":"2017-03-24T09:20:49","guid":{"rendered":"https:\/\/fundacionnaturalife.org\/?page_id=14878"},"modified":"2018-09-19T12:17:34","modified_gmt":"2018-09-19T12:17:34","slug":"produccion-agraria","status":"publish","type":"page","link":"https:\/\/fundacionnaturalife.org\/en\/produccion-agraria\/","title":{"rendered":"Producci\u00f3n agraria"},"content":{"rendered":"<div      class=\"vc_row wpb_row section vc_row-fluid  vc_custom_1490363194067\" style=' text-align:left;'><div class=\"full_section_inner clearfix\"><div class=\"wpb_column vc_column_container vc_col-sm-12\"><div class=\"vc_column-inner\"><div class=\"wpb_wrapper\">\n\t<div class=\"wpb_text_column wpb_content_element\">\n\t\t<div class=\"wpb_wrapper\">\n\t\t\t<p>La Fundaci\u00f3n Natura Life trabaja por la mejora de las producciones agrarias y la transferencia tecnol\u00f3gica en el sector agroalimentario.<\/p>\n<p>Volcamos nuestros esfuerzos con los agricultores, para ayudar a la producci\u00f3n sostenible de los alimentos, potenciando la producci\u00f3n ecol\u00f3gica, y las buenas pr\u00e1cticas agr\u00edcolas de manera que conseguimos fomentar el desarrollo y la econom\u00eda rural, favoreciendo a la vez el Medio Ambiente.<\/p>\n<p>Todo ello con un punto de vista sostenible, que adem\u00e1s de reducir costes, y aumentar la rentabilidad, fomente el desarrollo social y\u00a0 la econom\u00eda rural, desde el respeto al Medioambiente.<\/p>\n\n\t\t<\/div> \n\t<\/div> <\/div><\/div><\/div><\/div><\/div><div      class=\"vc_row wpb_row section vc_row-fluid  vc_custom_1490363243329\" style=' text-align:left;'><div class=\"full_section_inner clearfix\"><div class=\"wpb_column vc_column_container vc_col-sm-12\"><div class=\"vc_column-inner\"><div class=\"wpb_wrapper\">\n\t<div class=\"wpb_text_column wpb_content_element\">\n\t\t<div class=\"wpb_wrapper\">\n\t\t\t<p><strong>Entre nuestras actividades agr\u00edcolas se encuentran:<\/strong><\/p>\n\n\t\t<\/div> \n\t<\/div> <div      class=\"vc_row wpb_row section vc_row-fluid vc_inner  vc_custom_1490363256917\" style=' text-align:left;'><div class=\"full_section_inner clearfix\"><div class=\"wpb_column vc_column_container vc_col-sm-6\"><div class=\"vc_column-inner\"><div class=\"wpb_wrapper\"><div class='q_list circle'><\/p>\n<ul>\n<li>Asesoramiento y formaci\u00f3n a agricultores en buenas pr\u00e1cticas agrarias&nbsp;<\/li>\n<li>Ayuda a la tramitaci\u00f3n de subvenciones y comercializaci\u00f3n de productos,&nbsp;<\/li>\n<li>Suministro de semilla o plantel,&nbsp;<\/li>\n<li>Utilizaci\u00f3n de productos fitosanitarios m\u00e1s respetuosos con el Medio,&nbsp;<\/li>\n<li>Divulgaci\u00f3n e Inclusi\u00f3n de I + D&nbsp;<\/li>\n<li>Recuperaci\u00f3n de terrenos en bald\u00edo<\/li>\n<\/ul>\n<p><\/div><\/div><\/div><\/div><div class=\"wpb_column vc_column_container vc_col-sm-6\"><div class=\"vc_column-inner\"><div class=\"wpb_wrapper\"><div class='q_list circle'><\/p>\n<ul>\n<li>Apicultura&nbsp;<\/li>\n<li>Ganader\u00eda&nbsp;<\/li>\n<li>Mejora de pastos&nbsp;<\/li>\n<li>Especies aut\u00f3ctonas&nbsp;<\/li>\n<li>Diversificaci\u00f3n&nbsp;<\/li>\n<li>Agroturismo, etc\u2026<\/li>\n<\/ul>\n<p><\/div><\/div><\/div><\/div><\/div><\/div>\n\t<div class=\"wpb_text_column wpb_content_element\">\n\t\t<div class=\"wpb_wrapper\">\n\t\t\t<p>Todo ello con un punto de vista sostenible, que adem\u00e1s de reducir costes, y aumentar la rentabilidad, fomente el desarrollo social y\u00a0 la econom\u00eda rural, desde el respeto al Medio Ambiente.<\/p>\n\n\t\t<\/div> \n\t<\/div> <\/div><\/div><\/div><\/div><\/div>","protected":false},"excerpt":{"rendered":"La Fundaci\u00f3n Natura Life trabaja por la mejora de las producciones agrarias y la transferencia tecnol\u00f3gica en el sector agroalimentario. Volcamos nuestros esfuerzos con los agricultores, para ayudar a la producci\u00f3n sostenible de los alimentos, potenciando la producci\u00f3n ecol\u00f3gica, y las buenas pr\u00e1cticas agr\u00edcolas de...","protected":false},"author":1,"featured_media":0,"parent":0,"menu_order":0,"comment_status":"closed","ping_status":"closed","template":"","meta":{"footnotes":""},"class_list":["post-14878","page","type-page","status-publish","hentry"],"aioseo_notices":[],"_links":{"self":[{"href":"https:\/\/fundacionnaturalife.org\/en\/wp-json\/wp\/v2\/pages\/14878","targetHints":{"allow":["GET"]}}],"collection":[{"href":"https:\/\/fundacionnaturalife.org\/en\/wp-json\/wp\/v2\/pages"}],"about":[{"href":"https:\/\/fundacionnaturalife.org\/en\/wp-json\/wp\/v2\/types\/page"}],"author":[{"embeddable":true,"href":"https:\/\/fundacionnaturalife.org\/en\/wp-json\/wp\/v2\/users\/1"}],"replies":[{"embeddable":true,"href":"https:\/\/fundacionnaturalife.org\/en\/wp-json\/wp\/v2\/comments?post=14878"}],"version-history":[{"count":0,"href":"https:\/\/fundacionnaturalife.org\/en\/wp-json\/wp\/v2\/pages\/14878\/revisions"}],"wp:attachment":[{"href":"https:\/\/fundacionnaturalife.org\/en\/wp-json\/wp\/v2\/media?parent=14878"}],"curies":[{"name":"wp","href":"https:\/\/api.w.org\/{rel}","templated":true}]}}