{"id":14881,"date":"2017-03-24T09:21:44","date_gmt":"2017-03-24T09:21:44","guid":{"rendered":"https:\/\/fundacionnaturalife.org\/?page_id=14881"},"modified":"2018-09-27T07:14:21","modified_gmt":"2018-09-27T07:14:21","slug":"actuaciones-para-mitigar-el-cambio-climatico","status":"publish","type":"page","link":"https:\/\/fundacionnaturalife.org\/en\/actuaciones-para-mitigar-el-cambio-climatico\/","title":{"rendered":"Actuaciones para emitir ox\u00edgeno"},"content":{"rendered":"<div      class=\"vc_row wpb_row section vc_row-fluid  vc_custom_1490364398386\" style=' text-align:left;'><div class=\"full_section_inner clearfix\"><div class=\"wpb_column vc_column_container vc_col-sm-12\"><div class=\"vc_column-inner\"><div class=\"wpb_wrapper\">\n\t<div class=\"wpb_text_column wpb_content_element  vc_custom_1537359671123\">\n\t\t<div class=\"wpb_wrapper\">\n\t\t\t<p>Para nosotros, es nuestra l\u00ednea m\u00e1s importante de trabajo. Somos conscientes de su importancia a nivel global, por eso tratamos este tema de manera transversal en casi todo lo que hacemos. De hecho nuestros proyectos m\u00e1s significativos, disponen de contadores de las toneladas de O2 que conseguimos liberar a la atm\u00f3sfera con cada una de nuestras iniciativas.<\/p>\n\n\t\t<\/div> \n\t<\/div> \n\t<div class=\"q_accordion_holder clearfix wpb_content_element accordion without_icon  not-column-inherit\" data-active-tab=\"\" data-collapsible=\"no\" data-border-radius=\"\">\n\t\t\t\n\t\t\t\t<h5 class=\"clearfix title-holder\" style=\"color: #81d742;\"><span class=\"accordion_mark left_mark\"><span class=\"accordion_mark_icon\"><\/span><\/span><span class=\"tab-title\">CONVENIOS CON EMPRESAS PRIVADAS QUE POR SU ACTIVIDAD, NECESITEN O CREAN NECESARIO COMPENSAR SU HUELLA DE CARBONO<\/span><span class=\"accordion_mark right_mark\"><span class=\"accordion_mark_icon\"><\/span><\/span><\/h5>\n\t\t\t\t<div  class=\"accordion_content no_icon\">\n\t\t\t<div class=\"accordion_content_inner\">\n\t\t\t\t\n\t<div class=\"wpb_text_column wpb_content_element\">\n\t\t<div class=\"wpb_wrapper\">\n\t\t\t<p style=\"font-weight: 400;\">C\u00e1mbialo por esto:<\/p>\n<p style=\"font-weight: 400;\">Calculamos la huella de Carbono y lo equivalente en emisi\u00f3n de ox\u00edgeno que har\u00eda falta para \u201cNeutralizarlo\u201d no s\u00f3lo con actuaciones en el medio natural (reforestaciones, tratamientos silv\u00edcolas, restauraciones de riberas, etc&#8230;) sino con proyecto integrales que multipliquen los impactos \u00a0socio ambientales de la inversi\u00f3n que estas empresas aportan tanto en el medio rural como urbano mejorando su RSC y consiguiendo su objetivo empresarial de producir de una manera respetuosa y responsable con el Medio Ambiente, un bien de todos..<\/p>\n<p style=\"font-weight: 400;\">Estos proyectos incluyen: Aparte de las actuaciones en el medio natural rural y urbano, Educaci\u00f3n ambiental, apoyo a la investigaci\u00f3n, generaci\u00f3n de empleo y oportunidades a colectivos en riesgo de exclusi\u00f3n social, promoci\u00f3n del voluntariado y asociacionismo, campa\u00f1as de sensibilizaci\u00f3n, prevenci\u00f3n de incendios, actuaciones en el medio natural urbano\u2026<\/p>\n<p style=\"font-weight: 400;\">Todo ello en estrecha colaboraci\u00f3n y coordinaci\u00f3n con las administraciones publicas.<\/p>\n\n\t\t<\/div> \n\t<\/div> \n\t\t\t<\/div>\n\t\t\t\t<\/div>\n\n\t\t\t\t<h5 class=\"clearfix title-holder\" style=\"\"><span class=\"accordion_mark left_mark\"><span class=\"accordion_mark_icon\"><\/span><\/span><span class=\"tab-title\">Asesoramos a agricultores<\/span><span class=\"accordion_mark right_mark\"><span class=\"accordion_mark_icon\"><\/span><\/span><\/h5>\n\t\t\t\t<div  class=\"accordion_content no_icon\">\n\t\t\t<div class=\"accordion_content_inner\">\n\t\t\t\t\n\t<div class=\"wpb_text_column wpb_content_element\">\n\t\t<div class=\"wpb_wrapper\">\n\t\t\t<p>Para conseguir reducir la emisi\u00f3n de gases de efecto invernadero, potenciando aquellas medidas que consigan frenar el cambio clim\u00e1tico, como por ejemplo:<\/p>\n<ul>\n<li>El laboreo sostenible,<\/li>\n<li>Reducci\u00f3n del consumo de agua y energ\u00eda,<\/li>\n<li>La optimizaci\u00f3n de sistemas de regad\u00edo<\/li>\n<li>La protecci\u00f3n del suelo<\/li>\n<li>Producci\u00f3n de plantas aut\u00f3ctonas, con pocas necesidades h\u00eddricas<\/li>\n<\/ul>\n\n\t\t<\/div> \n\t<\/div> \n\t\t\t<\/div>\n\t\t\t\t<\/div>\n\n\t\t\t\t<h5 class=\"clearfix title-holder\" style=\"\"><span class=\"accordion_mark left_mark\"><span class=\"accordion_mark_icon\"><\/span><\/span><span class=\"tab-title\">Invertimos en I+D<\/span><span class=\"accordion_mark right_mark\"><span class=\"accordion_mark_icon\"><\/span><\/span><\/h5>\n\t\t\t\t<div  class=\"accordion_content no_icon\">\n\t\t\t<div class=\"accordion_content_inner\">\n\t\t\t\t\n\t<div class=\"wpb_text_column wpb_content_element\">\n\t\t<div class=\"wpb_wrapper\">\n\t\t\t<p>Para conseguir implantar todas las mejoras tecnol\u00f3gicas posibles, que consigan mitigar de una manera m\u00e1s eficaz, el impacto que genera\u00a0 el ser humano.<\/p>\n\n\t\t<\/div> \n\t<\/div> \n\t\t\t<\/div>\n\t\t\t\t<\/div>\n\n\t\t\t\t<h5 class=\"clearfix title-holder\" style=\"\"><span class=\"accordion_mark left_mark\"><span class=\"accordion_mark_icon\"><\/span><\/span><span class=\"tab-title\">Colaboramos con empresas energ\u00e9ticas que tengan como actividad la generaci\u00f3n de energ\u00eda limpia<\/span><span class=\"accordion_mark right_mark\"><span class=\"accordion_mark_icon\"><\/span><\/span><\/h5>\n\t\t\t\t<div  class=\"accordion_content no_icon\">\n\t\t\t<div class=\"accordion_content_inner\">\n\t\t\t\t\n\t<div class=\"wpb_text_column wpb_content_element\">\n\t\t<div class=\"wpb_wrapper\">\n\t\t\t<p>Como en la construcci\u00f3n de placas y parques fotovoltaicos, aerogeneradores de viento, etc.., adem\u00e1s les asesoramos para reducir el impacto ambiental de su actividad.<\/p>\n\n\t\t<\/div> \n\t<\/div> \n\t\t\t<\/div>\n\t\t\t\t<\/div>\n\n\t\t\t\t<h5 class=\"clearfix title-holder\" style=\"\"><span class=\"accordion_mark left_mark\"><span class=\"accordion_mark_icon\"><\/span><\/span><span class=\"tab-title\">Colaboramos con Ayuntamientos y entidades locales<\/span><span class=\"accordion_mark right_mark\"><span class=\"accordion_mark_icon\"><\/span><\/span><\/h5>\n\t\t\t\t<div  class=\"accordion_content no_icon\">\n\t\t\t<div class=\"accordion_content_inner\">\n\t\t\t\t\n\t<div class=\"wpb_text_column wpb_content_element\">\n\t\t<div class=\"wpb_wrapper\">\n\t\t\t<p>Asesor\u00e1ndoles sobre la reducci\u00f3n de consumo energ\u00e9tico, la gesti\u00f3n de residuos, la implantaci\u00f3n de sistemas inteligentes de control de riegos, alumbrados p\u00fablicos, alumbrados de edificios, agua, etc..<\/p>\n<p>Adem\u00e1s aportamos capital privado para ampliar las acciones prioritarias que no reciben recursos que van acordes a nuestros fines.<\/p>\n\n\t\t<\/div> \n\t<\/div> \n\t\t\t<\/div>\n\t\t\t\t<\/div>\n\n\t\t\t\t<h5 class=\"clearfix title-holder\" style=\"\"><span class=\"accordion_mark left_mark\"><span class=\"accordion_mark_icon\"><\/span><\/span><span class=\"tab-title\">Colaboramos con Ministerios, Consejer\u00edas, Confederaciones Hidrogr\u00e1ficas, Comunidades de regantes, gestores de agua potable<\/span><span class=\"accordion_mark right_mark\"><span class=\"accordion_mark_icon\"><\/span><\/span><\/h5>\n\t\t\t\t<div  class=\"accordion_content no_icon\">\n\t\t\t<div class=\"accordion_content_inner\">\n\t\t\t\t\n\t<div class=\"wpb_text_column wpb_content_element\">\n\t\t<div class=\"wpb_wrapper\">\n\t\t\t<p>Para la restauraci\u00f3n de cauces, optimizaci\u00f3n de redes de agua y cualquier medida que ayude a un mayor aprovechamiento de un bien tan necesario y escaso.<\/p>\n\n\t\t<\/div> \n\t<\/div> \n\t\t\t<\/div>\n\t\t\t\t<\/div>\n\n\t\t\t\t<h5 class=\"clearfix title-holder\" style=\"\"><span class=\"accordion_mark left_mark\"><span class=\"accordion_mark_icon\"><\/span><\/span><span class=\"tab-title\"> Divulgamos y sensibilizamos con diferentes proyectos y actividades<\/span><span class=\"accordion_mark right_mark\"><span class=\"accordion_mark_icon\"><\/span><\/span><\/h5>\n\t\t\t\t<div  class=\"accordion_content no_icon\">\n\t\t\t<div class=\"accordion_content_inner\">\n\t\t\t\t\n\t<div class=\"wpb_text_column wpb_content_element\">\n\t\t<div class=\"wpb_wrapper\">\n\t\t\t<p style=\"font-weight: 400;\">De la importancia de proteger el Medioambiente y actuar sobre \u00e9l, como parte que somos, protegi\u00e9ndolo y cuid\u00e1ndolo como nuestro hogar, nuestro sustento y nuestro origen.<\/p>\n\n\t\t<\/div> \n\t<\/div> \n\t\t\t<\/div>\n\t\t\t\t<\/div>\n\n\t\t\t\t<h5 class=\"clearfix title-holder\" style=\"\"><span class=\"accordion_mark left_mark\"><span class=\"accordion_mark_icon\"><\/span><\/span><span class=\"tab-title\">Mejoras de calidad del suelo<\/span><span class=\"accordion_mark right_mark\"><span class=\"accordion_mark_icon\"><\/span><\/span><\/h5>\n\t\t\t\t<div  class=\"accordion_content no_icon\">\n\t\t\t<div class=\"accordion_content_inner\">\n\t\t\t\t\n\t<div class=\"wpb_text_column wpb_content_element\">\n\t\t<div class=\"wpb_wrapper\">\n\t\t\t<p>Realizamos actuaciones de control de la erosi\u00f3n y cobertura vegetal<\/p>\n\n\t\t<\/div> \n\t<\/div> \n\t\t\t<\/div>\n\t\t\t\t<\/div>\n\n\t\t\t\t<h5 class=\"clearfix title-holder\" style=\"\"><span class=\"accordion_mark left_mark\"><span class=\"accordion_mark_icon\"><\/span><\/span><span class=\"tab-title\">Realizamos actuaciones de Control de la erosi\u00f3n<\/span><span class=\"accordion_mark right_mark\"><span class=\"accordion_mark_icon\"><\/span><\/span><\/h5>\n\t\t\t\t<div  class=\"accordion_content no_icon\">\n\t\t\t<div class=\"accordion_content_inner\">\n\t\t\t\t\n\t<div class=\"wpb_text_column wpb_content_element\">\n\t\t<div class=\"wpb_wrapper\">\n\t\t\t\n\t\t<\/div> \n\t<\/div> \n\t\t\t<\/div>\n\t\t\t\t<\/div>\n\n\t<\/div> <\/div><\/div><\/div><\/div><\/div>","protected":false},"excerpt":{"rendered":"Para nosotros, es nuestra l\u00ednea m\u00e1s importante de trabajo. Somos conscientes de su importancia a nivel global, por eso tratamos este tema de manera transversal en casi todo lo que hacemos. De hecho nuestros proyectos m\u00e1s significativos, disponen de contadores de las toneladas de O2...","protected":false},"author":1,"featured_media":0,"parent":0,"menu_order":0,"comment_status":"closed","ping_status":"closed","template":"","meta":{"footnotes":""},"class_list":["post-14881","page","type-page","status-publish","hentry"],"aioseo_notices":[],"_links":{"self":[{"href":"https:\/\/fundacionnaturalife.org\/en\/wp-json\/wp\/v2\/pages\/14881","targetHints":{"allow":["GET"]}}],"collection":[{"href":"https:\/\/fundacionnaturalife.org\/en\/wp-json\/wp\/v2\/pages"}],"about":[{"href":"https:\/\/fundacionnaturalife.org\/en\/wp-json\/wp\/v2\/types\/page"}],"author":[{"embeddable":true,"href":"https:\/\/fundacionnaturalife.org\/en\/wp-json\/wp\/v2\/users\/1"}],"replies":[{"embeddable":true,"href":"https:\/\/fundacionnaturalife.org\/en\/wp-json\/wp\/v2\/comments?post=14881"}],"version-history":[{"count":0,"href":"https:\/\/fundacionnaturalife.org\/en\/wp-json\/wp\/v2\/pages\/14881\/revisions"}],"wp:attachment":[{"href":"https:\/\/fundacionnaturalife.org\/en\/wp-json\/wp\/v2\/media?parent=14881"}],"curies":[{"name":"wp","href":"https:\/\/api.w.org\/{rel}","templated":true}]}}