{"id":14882,"date":"2017-03-24T09:22:01","date_gmt":"2017-03-24T09:22:01","guid":{"rendered":"https:\/\/fundacionnaturalife.org\/?page_id=14882"},"modified":"2018-09-27T07:29:34","modified_gmt":"2018-09-27T07:29:34","slug":"banco-o2","status":"publish","type":"page","link":"https:\/\/fundacionnaturalife.org\/en\/banco-o2\/","title":{"rendered":"Banco O2"},"content":{"rendered":"<div      class=\"vc_row wpb_row section vc_row-fluid  vc_custom_1490364741327\" style=' text-align:left;'><div class=\"full_section_inner clearfix\"><div class=\"wpb_column vc_column_container vc_col-sm-12\"><div class=\"vc_column-inner\"><div class=\"wpb_wrapper\">\n\t<div class=\"wpb_text_column wpb_content_element\">\n\t\t<div class=\"wpb_wrapper\">\n\t\t\t<p>El Banco Nacional de Ox\u00edgeno es la herramienta que contabiliza, en forma de Ox\u00edgeno, el conjunto de proyectos de la fundaci\u00f3n Natura Life en consonancia total con sus valores y objetivos.<\/p>\n<p>Es el contador que cuantifica el impacto de sus acciones traduci\u00e9ndolo a toneladas de\u00a0 ox\u00edgeno emitido a la atm\u00f3sfera a trav\u00e9s de sus proyectos integrales.<\/p>\n<p><img loading=\"lazy\" decoding=\"async\" class=\"alignnone size-medium wp-image-14992\" src=\"https:\/\/fundacionnaturalife.org\/wp-content\/uploads\/2017\/03\/contador-300x87.jpg\" alt=\"\" width=\"300\" height=\"87\" srcset=\"https:\/\/fundacionnaturalife.org\/wp-content\/uploads\/2017\/03\/contador-300x87.jpg 300w, https:\/\/fundacionnaturalife.org\/wp-content\/uploads\/2017\/03\/contador.jpg 369w\" sizes=\"auto, (max-width: 300px) 100vw, 300px\" \/><\/p>\n<p>Acorde a su objetivo de <strong>mejorar la calidad de vida de las personas<\/strong>, el banco, es la primera herramienta co-beneficiosa e integral que trabaja los diferentes aspectos de la sostenibilidad de forma global en el medio natural, rural y urbano.<\/p>\n<p>&nbsp;<\/p>\n<h2><strong>\u00bfC\u00d3MO FUNCIONA EL BANCO?<\/strong><\/h2>\n<p>Dentro de las acciones de nuestros proyectos, las actuaciones sobre el medio natural (ya sea rural o urbano) provocan el mantenimiento y la mejora de zonas vegetales as\u00ed como una considerable reducci\u00f3n del riesgo de incendio.<\/p>\n<p>Por ello, contabilizamos a trav\u00e9s de la biomasa la cantidad de ox\u00edgeno que estamos ayudando a emitir con esas especies sobre las que estamos actuando, y lo utilizamos como herramienta de cuantificaci\u00f3n del alcance de nuestros proyectos, reflej\u00e1ndose en el banco.<\/p>\n<p>Dentro de nuestros proyectos integrales hay acciones simult\u00e1neas que no emiten oxigeno directamente pero se incluyen ya que los complementan, multiplicando y alargando el impacto en el tiempo, de ah\u00ed que los proyectos se consideren un todo que se le contabiliza con el ox\u00edgeno.<\/p>\n<p>&nbsp;<\/p>\n<h2><strong>\u00bfC\u00d3MO S\u00c9 SI MI DINERO LLEGA AL DESTINO FINAL Y NO SE QUEDA POR EL CAMINO?<\/strong><\/h2>\n<p style=\"font-weight: 400;\">Colaboramos con la administraci\u00f3n y entidades ambientales competentes, para obtener lugares de restauraci\u00f3n. Emitimos un certificado de buena ejecuci\u00f3n tras finalizar los trabajos, firmado por la autoridad competente, donde se explica qu\u00e9 trabajos hemos realizado, d\u00f3nde, cu\u00e1les son las especies que hay, y cuanto Ox\u00edgeno se est\u00e1 emitiendo.<\/p>\n<p style=\"font-weight: 400;\">\u00a0Facilitamos coordenadas de la zona intervenida e invitamos a quien quiera visitarla o incluso darle seguimiento, de esta manera se comprueba \u201cin situ\u201d que el dinero est\u00e1 destinado a la causa inicial.<\/p>\n<p style=\"font-weight: 400;\">Adem\u00e1s todos nuestros proyectos que generan Ox\u00edgeno, est\u00e1n conectados de manera transversal por lo que van aportando toneladas al banco.<\/p>\n<p>&nbsp;<\/p>\n<h2><strong>\u00bfQU\u00c9 GANO YO, CON MI APORTACION? \u00bfQUI\u00c9N SE BENEFICIA?<\/strong><\/h2>\n<p style=\"font-weight: 400;\">Con tu aportaci\u00f3n obtienes un certificado que indica\u00a0 la localizaci\u00f3n exacta y el alcance del proyecto (emisi\u00f3n de ox\u00edgeno) que has ayudado a emitir.<\/p>\n<p style=\"font-weight: 400;\">Indirectamente y complement\u00e1ndolo, estas ayudando a familias que protegen el medioambiente y al cuidado de las masas forestales, a restaurar zonas incendiadas o degradas, ayudas a fijar poblaci\u00f3n en el medio rural generando empleo y econom\u00eda local, colaboras en educar en valores, das apoyo a la investigaci\u00f3n universitaria, as\u00ed como a asociaciones y colectivos en situaci\u00f3n de riesgo de exclusi\u00f3n\u2026 M\u00e1s concr\u00e9tamente:<\/p>\n<p style=\"font-weight: 400;\"><strong>Todos ganamos\u00a0<\/strong>en calidad de vida, porque con el Banco de Ox\u00edgeno y sus proyectos integrales, se generan\u00a0<strong>toneladas de ox\u00edgeno\u00a0<\/strong>que se emiten a la atm\u00f3sfera.<\/p>\n<p style=\"font-weight: 400;\">Para generar ese ox\u00edgeno, adem\u00e1s, hay que realizar trabajos sobre el medio, por lo que donaciones como la tuya\u00a0<strong>generan empleo local y econom\u00eda social<\/strong>, tanto en las ciudades como en zonas rurales, donde esto es la principal causa de despoblaci\u00f3n.<\/p>\n<p style=\"font-weight: 400;\">Adem\u00e1s lo hacemos siempre contando con\u00a0<strong>colectivos en riesgo de exclusi\u00f3n social<\/strong>\u00a0as\u00ed como\u00a0<strong>personas con discapacidad<\/strong>, generando oportunidades y teniendo presente siempre la\u00a0<strong>igualdad de g\u00e9nero<\/strong>. Para ello tenemos redes de contactos y creamos v\u00ednculos con entidades del sector, facilitando acuerdos que beneficien a todas las partes\u2026 y con tu aportaci\u00f3n, lo estas apoyando<\/p>\n<p style=\"font-weight: 400;\">Apostamos por la\u00a0<strong>educaci\u00f3n ambiental<\/strong>\u00a0de los m\u00e1s peque\u00f1os (y los que no lo son tanto) inculcando valores en su formaci\u00f3n y tambi\u00e9n apostamos fuertemente por\u00a0<strong>investigar<\/strong>\u00a0e innovar siempre por el beneficio com\u00fan, por lo que apoyamos siempre la labor de I+d+i a trav\u00e9s acuerdos con\u00a0<strong>universidades.\u00a0<\/strong>Y con esa aportaci\u00f3n t\u00fa, participas en ello.<\/p>\n<p style=\"font-weight: 400;\">Tambi\u00e9n colaboramos estrechamente con las\u00a0<strong>administraciones<\/strong>\u00a0<strong>p\u00fablicas<\/strong>, por lo que as prioridades son las que elegimos entre todos.<\/p>\n<p style=\"font-weight: 400;\">Con esa aportaci\u00f3n, tu compromiso va m\u00e1s all\u00e1. Es un compromiso que engloba todo lo que realmente es importante.<\/p>\n<p>&nbsp;<\/p>\n<h2><strong>\u00bfC\u00d3MO PUEDO APORTAR?\u00a0\u00a0\u00a0\u00a0\u00a0\u00a0\u00a0<\/strong><\/h2>\n<p>Cualquier aportaci\u00f3n es bien recibida y servir\u00e1 para ejecutar m\u00e1s y mejor nuestros proyectos, ayudando a emitir ox\u00edgeno.<\/p>\n<p>Continuamente hacemos trabajos que emiten ox\u00edgeno, para que puedas aportar A golpe de click!<\/p>\n<p>Con tan solo un click\u2026 te enviaremos un certificado con las coordenadas exactas donde se est\u00e1 emitiendo el ox\u00edgeno gracias a tu aportaci\u00f3n<\/p>\n<p>&nbsp;<\/p>\n<h2><strong>\u00bfY CON CUANTO PODR\u00cdA APOYAROS?<\/strong><\/h2>\n<p>Como dijimos antes, cualquier aportaci\u00f3n es m\u00e1s que agradecida.<\/p>\n<p>Os dejamos unos datos aproximados para tener una idea:<\/p>\n<p>Emitir el ox\u00edgeno para que una persona media pudiese respirar un mes, rondar\u00eda lo que nos gastamos en un bar para tomar una consumici\u00f3n con una tapa.<\/p>\n<p>Emitir el ox\u00edgeno que mitigase lo que contamina un coche medio que recorre unos 20.000Km rondar\u00eda lo que cuesta un Smartphone de gama media<\/p>\n<p>Emitir el ox\u00edgeno que mitigase lo que contamina de media, una persona con todas sus actividades anualmente (seg\u00fan el World Bank), costar\u00eda aproximadamente lo que te supone tomar un caf\u00e9 cada d\u00eda en la cafeter\u00eda de la esquina.<br \/>\n\u00bfHaz tus cuentas y\u2026 cuanto quieres aportar? (no te olvides de las ventajas fiscales que tu aportaci\u00f3n puede generarte!)<\/p>\n<p>&nbsp;<\/p>\n<h2><strong>A GOLPE DE CLICK!<\/strong><\/h2>\n<p><strong>Gracias a nuestros proyectos propios tenemos realizadas acciones que emiten ox\u00edgeno.<\/strong><br \/>\n<strong> Con tu aportaci\u00f3n ampliamos esas zonas para seguir emitiendo, y reinvertimos para complementar esas acciones de forma que el proyecto sea integral.<\/strong><\/p>\n<p><strong>Con un solo gesto, empiezas a colaborar de forma inmediata. Emite tu ox\u00edgeno!!<\/strong><\/p>\n\n\t\t<\/div> \n\t<\/div> <\/div><\/div><\/div><\/div><\/div>","protected":false},"excerpt":{"rendered":"El Banco Nacional de Ox\u00edgeno es la herramienta que contabiliza, en forma de Ox\u00edgeno, el conjunto de proyectos de la fundaci\u00f3n Natura Life en consonancia total con sus valores y objetivos. Es el contador que cuantifica el impacto de sus acciones traduci\u00e9ndolo a toneladas de\u00a0...","protected":false},"author":1,"featured_media":0,"parent":0,"menu_order":0,"comment_status":"closed","ping_status":"closed","template":"","meta":{"footnotes":""},"class_list":["post-14882","page","type-page","status-publish","hentry"],"aioseo_notices":[],"_links":{"self":[{"href":"https:\/\/fundacionnaturalife.org\/en\/wp-json\/wp\/v2\/pages\/14882","targetHints":{"allow":["GET"]}}],"collection":[{"href":"https:\/\/fundacionnaturalife.org\/en\/wp-json\/wp\/v2\/pages"}],"about":[{"href":"https:\/\/fundacionnaturalife.org\/en\/wp-json\/wp\/v2\/types\/page"}],"author":[{"embeddable":true,"href":"https:\/\/fundacionnaturalife.org\/en\/wp-json\/wp\/v2\/users\/1"}],"replies":[{"embeddable":true,"href":"https:\/\/fundacionnaturalife.org\/en\/wp-json\/wp\/v2\/comments?post=14882"}],"version-history":[{"count":0,"href":"https:\/\/fundacionnaturalife.org\/en\/wp-json\/wp\/v2\/pages\/14882\/revisions"}],"wp:attachment":[{"href":"https:\/\/fundacionnaturalife.org\/en\/wp-json\/wp\/v2\/media?parent=14882"}],"curies":[{"name":"wp","href":"https:\/\/api.w.org\/{rel}","templated":true}]}}