{"id":14907,"date":"2017-03-24T10:34:41","date_gmt":"2017-03-24T10:34:41","guid":{"rendered":"https:\/\/fundacionnaturalife.org\/?page_id=14907"},"modified":"2017-03-27T07:23:08","modified_gmt":"2017-03-27T07:23:08","slug":"politica-de-cookies","status":"publish","type":"page","link":"https:\/\/fundacionnaturalife.org\/en\/politica-de-cookies\/","title":{"rendered":"Pol\u00edtica de Cookies"},"content":{"rendered":"<h3>\u00bfQu\u00e9 son las cookies?<\/h3>\n<p>Una cookie es un peque\u00f1o archivo de texto que se instala en su terminal de ordenador (u otro dispositivo, como un tel\u00e9fono m\u00f3vil) a trav\u00e9s de los sitios web que usted visita.<\/p>\n<h3>\u00bfPara qu\u00e9 se utilizan las cookies?<\/h3>\n<p>Son ampliamente utilizados para conocer la actividad de los visitantes al sitio web, con el fin de mejorar el mismo a partir del almacenamiento y recuperaci\u00f3n de los datos de navegaci\u00f3n de los usuarios. Las cookies tambi\u00e9n se utilizan para proporcionar informaci\u00f3n sobre la navegaci\u00f3n de los usuarios a los propietarios de sitios web y sus colaboradores, con el fin de analizar el uso que realizan de la p\u00e1gina web, personalizar el contenido y proporcionar as\u00ed publicidad a medida.<\/p>\n<h3>Informaci\u00f3n importante sobre c\u00f3mo utilizamos las cookies:<\/h3>\n<p>Se utilizan las cookies a efectos estad\u00edsticos, funcionales y para mejorar nuestros servicios, a trav\u00e9s del an\u00e1lisis del uso que realizan los visitantes a nuestro sitio web. Las cookies hacen que sea m\u00e1s f\u00e1cil para el usuario conectarse, navegar y utilizar el sitio web en futuras visitas.<\/p>\n<h3>C\u00f3mo desactivar las cookies:<\/h3>\n<p>El uso de este sitio web sin la desactivaci\u00f3n de las cookies implica que consiente en la utilizaci\u00f3n de las cookies que aparecen en la tabla de abajo, para ser colocadas en su dispositivo. Puede desactivar estas cookies en cualquier momento, mediante el ajuste de la configuraci\u00f3n de su navegador. La funci\u00f3n de ayuda en su navegador le dir\u00e1 c\u00f3mo hacerlo. Sin embargo, la desactivaci\u00f3n de algunas cookies podr\u00eda afectar a la correcta navegaci\u00f3n a trav\u00e9s de nuestro sitio web.<\/p>\n<ul>\n<li>Internet Explorer\u2122: <a href=\"http:\/\/windows.microsoft.com\/es-es\/internet-explorer\/delete-manage-cookies#ie=ie-11\">http:\/\/windows.microsoft.com\/es-es\/internet-explorer\/delete-manage-cookies#ie=ie-11<\/a><\/li>\n<li>Safari\u2122: <a href=\"https:\/\/support.apple.com\/kb\/PH19214?viewlocale=es_ES&amp;locale=en_US\">https:\/\/support.apple.com\/kb\/PH19214?viewlocale=es_ES&amp;locale=en_US<\/a><\/li>\n<li>Chrome\u2122: <a href=\"https:\/\/support.google.com\/chrome\/answer\/95647?hl=es\">https:\/\/support.google.com\/chrome\/answer\/95647?hl=es<\/a><\/li>\n<li>Firefox\u2122: <a href=\"https:\/\/support.mozilla.org\/es\/kb\/habilitar-y-deshabilitar-cookies-que-los-sitios-we\">https:\/\/support.mozilla.org\/es\/kb\/habilitar-y-deshabilitar-cookies-que-los-sitios-we<\/a><\/li>\n<li>Opera\u2122: <a href=\"http:\/\/help.opera.com\/Windows\/11.50\/es-ES\/cookies.html\">http:\/\/help.opera.com\/Windows\/11.50\/es-ES\/cookies.html<\/a><\/li>\n<li>Android: <a href=\"https:\/\/support.google.com\/android\/?hl=enPara\">https:\/\/support.google.com\/android\/?hl=enPara<\/a><\/li>\n<li>Windows Phone: <a href=\"https:\/\/www.windowsphone.com\/es-ES\/legal\/wp8\/windows-phone-privacy-statement\">https:\/\/www.windowsphone.com\/es-ES\/legal\/wp8\/windows-phone-privacy-statement<\/a><\/li>\n<li>Blackberry: <a href=\"http:\/\/help.blackberry.com\/es\/\">http:\/\/help.blackberry.com\/es\/<\/a><\/li>\n<\/ul>\n<h3>Cookies<\/h3>\n<h4>Proveedor: Google Inc.<\/h4>\n<ul>\n<li>Servicio: Google Analytics<br \/>\n<strong>(__utma, __utmb, __utmc, __utmt, __utmz)\u00a0<\/strong>Recopila informaci\u00f3n an\u00f3nima sobre la navegaci\u00f3n de los usuarios por el sitio web con el fin de conocer el origen de las visitas y otros datos estad\u00edsticos similares.<a href=\"http:\/\/www.google.com\/intl\/es\/analytics\/privacyoverview.html\">Centro de privacidad de Google<\/a>,\u00a0<a href=\"http:\/\/tools.google.com\/dlpage\/gaoptout?hl=es\">Complemento de inhabilitaci\u00f3n de Google Analytics<\/a><\/li>\n<\/ul>\n<h4>Proveedor: WordPress Foundation<\/h4>\n<ul>\n<li>Servicio: Navegaci\u00f3n web<br \/>\n<strong>(wordpress_test_cookie, visited)\u00a0<\/strong>Comprobaciones del gestor de contenidos WordPress.<\/li>\n<\/ul>\n<h3>Desarrollo general<\/h3>\n<h4>Servicio: PHP<\/h4>\n<ul>\n<li><strong>PHPSESSID:\u00a0<\/strong>Identificaci\u00f3n (ID) de sesi\u00f3n para reconocer las consultas sucesivas que provengan del mismo navegador. Cookies de uso interno necesaria para el funcionamiento de la web. Los datos almacenados por estas cookies no identifica la gente ni recoge ning\u00fan dato personal.<\/li>\n<li><strong> cookie_notice_accepted:\u00a0<\/strong>Esta cookie se usa para recordar si el usuario confirm\u00f3 la pol\u00edtica de cookies. Cookies de uso interno necesaria para el funcionamiento de la web. Los datos almacenados por estas cookies no identifica la gente ni recoge ning\u00fan dato personal.<\/li>\n<\/ul>","protected":false},"excerpt":{"rendered":"<p>\u00bfQu\u00e9 son las cookies? Una cookie es un peque\u00f1o archivo de texto que se instala en su terminal de ordenador (u otro dispositivo, como un tel\u00e9fono m\u00f3vil) a trav\u00e9s de los sitios web que usted visita. \u00bfPara qu\u00e9 se utilizan las cookies? Son ampliamente utilizados&#8230;<\/p>","protected":false},"author":1,"featured_media":0,"parent":0,"menu_order":0,"comment_status":"closed","ping_status":"closed","template":"","meta":{"footnotes":""},"class_list":["post-14907","page","type-page","status-publish","hentry"],"aioseo_notices":[],"_links":{"self":[{"href":"https:\/\/fundacionnaturalife.org\/en\/wp-json\/wp\/v2\/pages\/14907","targetHints":{"allow":["GET"]}}],"collection":[{"href":"https:\/\/fundacionnaturalife.org\/en\/wp-json\/wp\/v2\/pages"}],"about":[{"href":"https:\/\/fundacionnaturalife.org\/en\/wp-json\/wp\/v2\/types\/page"}],"author":[{"embeddable":true,"href":"https:\/\/fundacionnaturalife.org\/en\/wp-json\/wp\/v2\/users\/1"}],"replies":[{"embeddable":true,"href":"https:\/\/fundacionnaturalife.org\/en\/wp-json\/wp\/v2\/comments?post=14907"}],"version-history":[{"count":0,"href":"https:\/\/fundacionnaturalife.org\/en\/wp-json\/wp\/v2\/pages\/14907\/revisions"}],"wp:attachment":[{"href":"https:\/\/fundacionnaturalife.org\/en\/wp-json\/wp\/v2\/media?parent=14907"}],"curies":[{"name":"wp","href":"https:\/\/api.w.org\/{rel}","templated":true}]}}