{"id":13329,"date":"2014-03-20T14:27:01","date_gmt":"2014-03-20T14:27:01","guid":{"rendered":"http:\/\/demo.qodeinteractive.com\/bridge\/?page_id=13329"},"modified":"2018-09-27T06:44:16","modified_gmt":"2018-09-27T06:44:16","slug":"inicio","status":"publish","type":"page","link":"https:\/\/fundacionnaturalife.org\/es_es\/","title":{"rendered":"Inicio"},"content":{"rendered":"<div      class=\"vc_row wpb_row section vc_row-fluid \" style=' text-align:left;'><div class=\" full_section_inner clearfix\"><div class=\"wpb_column vc_column_container vc_col-sm-12\"><div class=\"vc_column-inner \"><div class=\"wpb_wrapper\"><div class=\"separator  transparent   \" style=\"margin-top: 35px;margin-bottom: 17px;\"><\/div>\n\n\t<div class=\"wpb_text_column wpb_content_element \">\n\t\t<div class=\"wpb_wrapper\">\n\t\t\t<h2 style=\"text-align: center;\"><strong>EL PRIMER BANCO NACIONAL DE OX\u00cdGENO<\/strong><\/h2>\n\n\t\t<\/div> \n\t<\/div> <div class=\"separator  small center  \" style=\"margin-top: 7px;margin-bottom: 0px;\"><\/div>\n<\/div><\/div><\/div><\/div><\/div><div      class=\"vc_row wpb_row section vc_row-fluid  grid_section\" style=' padding-top:95px; padding-bottom:34px; text-align:left;'><div class=\" section_inner clearfix\"><div class='section_inner_margin clearfix'><div class=\"wpb_column vc_column_container vc_col-sm-3\"><div class=\"vc_column-inner \"><div class=\"wpb_wrapper\"><div class='q_icon_with_title medium custom_icon_image center'><div class=\"icon_holder \" style=\"margin: 0 0 15px 0; \"><img decoding=\"async\" itemprop=\"image\" style=\"margin: 0 0 15px 0;\" src=\"https:\/\/fundacionnaturalife.org\/wp-content\/uploads\/2014\/03\/oxigeno.png\" alt=\"\"><\/a><\/div><div class=\"icon_text_holder\" style=\"\"><div class=\"icon_text_inner\" style=\"\"><h3 class=\"icon_title\" style=\"\">EMITE OX\u00cdGENO<\/h3><p style=''><\/p><a itemprop='url' class='icon_with_title_link' href='https:\/\/fundacionnaturalife.org\/banco-o2\/' target='_self' style=''>M\u00e1s informaci\u00f3n<\/a><\/div><\/div><\/div><div class=\"separator  transparent   \" style=\"margin-top: 37px;margin-bottom: 0px;\"><\/div>\n<\/div><\/div><\/div><div class=\"wpb_column vc_column_container vc_col-sm-3\"><div class=\"vc_column-inner \"><div class=\"wpb_wrapper\"><div class='q_icon_with_title medium custom_icon_image center'><div class=\"icon_holder \" style=\"margin: 0 0 15px 0; \"><img decoding=\"async\" itemprop=\"image\" style=\"margin: 0 0 15px 0;\" src=\"https:\/\/fundacionnaturalife.org\/wp-content\/uploads\/2014\/03\/educa.png\" alt=\"\"><\/a><\/div><div class=\"icon_text_holder\" style=\"\"><div class=\"icon_text_inner\" style=\"\"><h3 class=\"icon_title\" style=\"\">EDUCA<\/h3><p style=''><\/p><a itemprop='url' class='icon_with_title_link' href='https:\/\/fundacionnaturalife.org\/banco-o2\/' target='_self' style=''>M\u00e1s informaci\u00f3n<\/a><\/div><\/div><\/div><div class=\"separator  transparent   \" style=\"margin-top: 37px;margin-bottom: 0px;\"><\/div>\n<\/div><\/div><\/div><div class=\"wpb_column vc_column_container vc_col-sm-3\"><div class=\"vc_column-inner \"><div class=\"wpb_wrapper\"><div class='q_icon_with_title medium custom_icon_image center'><div class=\"icon_holder \" style=\"margin: 0 0 15px 0; \"><img decoding=\"async\" itemprop=\"image\" style=\"margin: 0 0 15px 0;\" src=\"https:\/\/fundacionnaturalife.org\/wp-content\/uploads\/2014\/03\/empleo.png\" alt=\"\"><\/a><\/div><div class=\"icon_text_holder\" style=\"\"><div class=\"icon_text_inner\" style=\"\"><h3 class=\"icon_title\" style=\"\">CREA OPORTUNIDADES<\/h3><p style=''><\/p><a itemprop='url' class='icon_with_title_link' href='https:\/\/fundacionnaturalife.org\/banco-o2\/' target='_self' style=''>M\u00e1s informaci\u00f3n<\/a><\/div><\/div><\/div><div class=\"separator  transparent   \" style=\"margin-top: 37px;margin-bottom: 0px;\"><\/div>\n<\/div><\/div><\/div><div class=\"wpb_column vc_column_container vc_col-sm-3\"><div class=\"vc_column-inner \"><div class=\"wpb_wrapper\"><div class='q_icon_with_title medium custom_icon_image center'><div class=\"icon_holder \" style=\"margin: 0 0 15px 0; \"><img decoding=\"async\" itemprop=\"image\" style=\"margin: 0 0 15px 0;\" src=\"https:\/\/fundacionnaturalife.org\/wp-content\/uploads\/2014\/03\/investigacion.png\" alt=\"\"><\/a><\/div><div class=\"icon_text_holder\" style=\"\"><div class=\"icon_text_inner\" style=\"\"><h3 class=\"icon_title\" style=\"\">APOYA LA INVESTIGACI\u00d3N<\/h3><p style=''><\/p><a itemprop='url' class='icon_with_title_link' href='https:\/\/fundacionnaturalife.org\/banco-o2\/' target='_self' style=''>M\u00e1s informaci\u00f3n<\/a><\/div><\/div><\/div><div class=\"separator  transparent   \" style=\"margin-top: 37px;margin-bottom: 0px;\"><\/div>\n<\/div><\/div><\/div><\/div><\/div><\/div><div      class=\"vc_row wpb_row section vc_row-fluid  vc_custom_1490356209495 grid_section\" style=' padding-top:75px; text-align:left;'><div class=\" section_inner clearfix\"><div class='section_inner_margin clearfix'><div class=\"wpb_column vc_column_container vc_col-sm-6\"><div class=\"vc_column-inner \"><div class=\"wpb_wrapper\"><div      class=\"vc_row wpb_row section vc_row-fluid vc_inner \" style=' text-align:center;'><div class=\" full_section_inner clearfix\"><div class=\"wpb_column vc_column_container vc_col-sm-12\"><div class=\"vc_column-inner \"><div class=\"wpb_wrapper\"><div class=\"separator  transparent   \" style=\"margin-top: 10px;margin-bottom: 0px;\"><\/div>\n\n\t<div class=\"wpb_text_column wpb_content_element \">\n\t\t<div class=\"wpb_wrapper\">\n\t\t\t<h2 style=\"text-align: center;\">Fundaci\u00f3n naturalife, por un mundo que respira<\/h2>\n\n\t\t<\/div> \n\t<\/div> <div class=\"separator  small center  \" style=\"margin-top: 7px;margin-bottom: 38px;\"><\/div>\n\n\t<div class=\"wpb_text_column wpb_content_element \">\n\t\t<div class=\"wpb_wrapper\">\n\t\t\t<h4 style=\"text-align: center;\"><\/h4>\n<p style=\"text-align: center;\"><strong>La Fundaci\u00f3n tiene como objetivo principal la mejora de la calidad de vida de las personas, a trav\u00e9s de la defensa y desarrollo del medioambiente.<\/strong><\/p>\n<p style=\"text-align: center;\">Te invitamos a formar parte del verdadero cambio!<\/p>\n\n\t\t<\/div> \n\t<\/div> <div class=\"separator  transparent   \" style=\"margin-top: 35px;margin-bottom: 0px;\"><\/div>\n<a  itemprop=\"url\" href=\"https:\/\/fundacionnaturalife.org\/contacto\" target=\"_self\"  class=\"qbutton  default\" style=\"\">QUIERO FORMAR PARTE DEL CAMBIO<\/a><div class=\"separator  transparent   \" style=\"margin-top: 59px;margin-bottom: 0px;\"><\/div>\n<\/div><\/div><\/div><\/div><\/div><\/div><\/div><\/div><div class=\"wpb_column vc_column_container vc_col-sm-6\"><div class=\"vc_column-inner \"><div class=\"wpb_wrapper\">\n\t<div class=\"wpb_single_image wpb_content_element vc_align_center  element_from_right\"><div style=\"-webkit-animation-delay:0.3s; animation-delay:0.3s; -webkit-transition-delay:0.3s; transition-delay:0.3s\">\n\t\t<div class=\"wpb_wrapper\">\n\t\t\t\n\t\t\t<div class=\"vc_single_image-wrapper   vc_box_border_grey\"><img loading=\"lazy\" decoding=\"async\" width=\"559\" height=\"465\" src=\"https:\/\/fundacionnaturalife.org\/wp-content\/uploads\/2014\/03\/im_home_fundacion.jpg\" class=\"vc_single_image-img attachment-full\" alt=\"\" srcset=\"https:\/\/fundacionnaturalife.org\/wp-content\/uploads\/2014\/03\/im_home_fundacion.jpg 559w, https:\/\/fundacionnaturalife.org\/wp-content\/uploads\/2014\/03\/im_home_fundacion-300x250.jpg 300w\" sizes=\"auto, (max-width: 559px) 100vw, 559px\" \/><\/div>\n\t\t<\/div><\/div>\n\t<\/div>\n<div class=\"separator  transparent   \" style=\"margin-top: 60px;margin-bottom: 7px;\"><\/div>\n<\/div><\/div><\/div><\/div><\/div><\/div><section      data-speed=\"1\" class=\"parallax_section_holder  \" style = \" height:500px; background-image:url('https:\/\/fundacionnaturalife.org\/wp-content\/uploads\/2014\/03\/IMAGEN-CONTADOR.jpg');\"><div class=\"parallax_content left\"><div class='parallax_section_inner_margin clearfix'><div class=\"wpb_column vc_column_container vc_col-sm-12\"><div class=\"vc_column-inner \"><div class=\"wpb_wrapper\"><div class=\"separator  transparent   \" style=\"margin-top: 167px;margin-bottom: 2px;\"><\/div>\n<\/div><\/div><\/div><\/div><\/div><\/section><div      class=\"vc_row wpb_row section vc_row-fluid  grid_section\" style='background-color:#ffffff; padding-top:87px; padding-bottom:0px; text-align:left;'><div class=\" section_inner clearfix\"><div class='section_inner_margin clearfix'><div class=\"wpb_column vc_column_container vc_col-sm-12\"><div class=\"vc_column-inner \"><div class=\"wpb_wrapper\">\n\t<div class=\"wpb_text_column wpb_content_element \">\n\t\t<div class=\"wpb_wrapper\">\n\t\t\t<h2 style=\"text-align: center;\">OBJETIVOS<\/h2>\n\n\t\t<\/div> \n\t<\/div> <div class=\"separator  small center  \" style=\"margin-top: 7px;margin-bottom: 38px;\"><\/div>\n<div      class=\"vc_row wpb_row section vc_row-fluid vc_inner \" style=' text-align:left;'><div class=\" full_section_inner clearfix\"><div class=\"wpb_column vc_column_container vc_col-sm-4\"><div class=\"vc_column-inner \"><div class=\"wpb_wrapper\"><div class='q_list circle animate_list'><\/p>\n<ul>\n<li>Proteger y potenciar el medio rural (Creaci\u00f3n de empleo, prevenci\u00f3n de incendios, cuidado del monte\u2026) para que siga siendo una fuente de ox\u00edgeno.<\/li>\n<li>Mejorar y aumentar los entornos naturales urbanos (Pulmones de las ciudades).<\/li>\n<li>Generar oportunidades de inclusi\u00f3n social sin distinci\u00f3n de g\u00e9nero.<\/li>\n<\/ul>\n<p><\/div><\/div><\/div><\/div><div class=\"wpb_column vc_column_container vc_col-sm-4\"><div class=\"vc_column-inner \"><div class=\"wpb_wrapper\"><div class='q_list circle animate_list'><\/p>\n<ul>\n<li>Reducir y mitigar la contaminaci\u00f3n atmosf\u00e9rica tanto en el medio rural como urbano.<\/li>\n<li>Sensibilizar y concienciar a la sociedad de la importancia del medioambiente, transmitiendo \u00a0valores que inciten al cuidado y respeto por el medio ambiente a trav\u00e9s de la educaci\u00f3n ambiental.<\/li>\n<li>Investigar nuevas v\u00edas de mejorar el impacto del ser humano en el medio.<\/li>\n<\/ul>\n<p><\/div><\/div><\/div><\/div><div class=\"wpb_column vc_column_container vc_col-sm-4\"><div class=\"vc_column-inner \"><div class=\"wpb_wrapper\"><div class='q_list circle animate_list'><\/p>\n<ul>\n<li>Asesorar y aportar formaci\u00f3n al sector privado y administraciones.<br \/>\n<strong>Para el 2018 y 2019:\u00a0<\/strong><\/li>\n<li>Proteger un m\u00ednimo de 25.000 \u00e1rboles.<\/li>\n<li>Dar educaci\u00f3n ambiental a 6.000 personas.<\/li>\n<li>Apoyar a la universidad con varias becas de estudio de investigaci\u00f3n.<\/li>\n<li>Crear m\u00ednimo 10 puestos de trabajo.<\/li>\n<li>Emitir 4000 Tn de ox\u00edgeno.<\/li>\n<\/ul>\n<p><\/div><\/div><\/div><\/div><\/div><\/div><div class=\"separator  transparent   \" style=\"margin-top: 35px;margin-bottom: 17px;\"><\/div>\n<\/div><\/div><\/div><\/div><\/div><\/div>\n","protected":false},"excerpt":{"rendered":"EL PRIMER BANCO NACIONAL DE OX\u00cdGENO EMITE OX\u00cdGENOM\u00e1s informaci\u00f3n EDUCAM\u00e1s informaci\u00f3n CREA OPORTUNIDADESM\u00e1s informaci\u00f3n APOYA LA INVESTIGACI\u00d3NM\u00e1s informaci\u00f3n Fundaci\u00f3n naturalife, por un mundo que respira La Fundaci\u00f3n tiene como objetivo principal la mejora de la calidad de vida de las personas, a trav\u00e9s de la...","protected":false},"author":1,"featured_media":0,"parent":0,"menu_order":0,"comment_status":"open","ping_status":"open","template":"full_width.php","meta":{"footnotes":""},"class_list":["post-13329","page","type-page","status-publish","hentry"],"aioseo_notices":[],"_links":{"self":[{"href":"https:\/\/fundacionnaturalife.org\/es_es\/wp-json\/wp\/v2\/pages\/13329","targetHints":{"allow":["GET"]}}],"collection":[{"href":"https:\/\/fundacionnaturalife.org\/es_es\/wp-json\/wp\/v2\/pages"}],"about":[{"href":"https:\/\/fundacionnaturalife.org\/es_es\/wp-json\/wp\/v2\/types\/page"}],"author":[{"embeddable":true,"href":"https:\/\/fundacionnaturalife.org\/es_es\/wp-json\/wp\/v2\/users\/1"}],"replies":[{"embeddable":true,"href":"https:\/\/fundacionnaturalife.org\/es_es\/wp-json\/wp\/v2\/comments?post=13329"}],"version-history":[{"count":0,"href":"https:\/\/fundacionnaturalife.org\/es_es\/wp-json\/wp\/v2\/pages\/13329\/revisions"}],"wp:attachment":[{"href":"https:\/\/fundacionnaturalife.org\/es_es\/wp-json\/wp\/v2\/media?parent=13329"}],"curies":[{"name":"wp","href":"https:\/\/api.w.org\/{rel}","templated":true}]}}