{"id":14875,"date":"2017-03-24T09:20:02","date_gmt":"2017-03-24T09:20:02","guid":{"rendered":"https:\/\/fundacionnaturalife.org\/?page_id=14875"},"modified":"2017-03-27T07:00:39","modified_gmt":"2017-03-27T07:00:39","slug":"conservacion-de-habitats-y-especies","status":"publish","type":"page","link":"https:\/\/fundacionnaturalife.org\/es_es\/conservacion-de-habitats-y-especies\/","title":{"rendered":"Conservaci\u00f3n de h\u00e1bitats y especies"},"content":{"rendered":"<div      class=\"vc_row wpb_row section vc_row-fluid  vc_custom_1490362363530\" style=' text-align:left;'><div class=\" full_section_inner clearfix\"><div class=\"wpb_column vc_column_container vc_col-sm-12\"><div class=\"vc_column-inner \"><div class=\"wpb_wrapper\">\n\t<div class=\"wpb_text_column wpb_content_element \">\n\t\t<div class=\"wpb_wrapper\">\n\t\t\t<p>Los humanos somos la especie, que con nuestras acciones, de una manera consciente e inconsciente, mas especies hemos extinguido. Nuestra superpoblaci\u00f3n, presente en todos los continentes, y el consumo de materias primas ante nuestro aparente desarrollo, hace que creemos situaciones limite a la madre naturaleza: contaminaci\u00f3n de aire, agua y suelo, calentamiento global, cambios clim\u00e1ticos, contaminaci\u00f3n ambiental, invasi\u00f3n de nuevos territorios invadiendo el h\u00e1bitat de especies,\u2026<\/p>\n<p>&nbsp;<\/p>\n<h4>M\u00e1s de 1\/3 de la Biomasa est\u00e1 de nuestro planeta, lo empleamos en cultivo y aprovechamiento de especies para alimentarnos.<\/h4>\n<p>&nbsp;<\/p>\n<p>Todo esta relacionado y conectado en la naturaleza y el que una especie disminuya o se extinga, puede romper la estabilidad de un ecosistema. Es por esto que intentamos realizar de forma continua seguimiento de fauna y flora en diversos puntos, que nos permitan obtener informaci\u00f3n y poder actuar en consecuencia para la conservaci\u00f3n del h\u00e1bitat de dichas especies.<\/p>\n\n\t\t<\/div> \n\t<\/div> <\/div><\/div><\/div><\/div><\/div>\n","protected":false},"excerpt":{"rendered":"Los humanos somos la especie, que con nuestras acciones, de una manera consciente e inconsciente, mas especies hemos extinguido. Nuestra superpoblaci\u00f3n, presente en todos los continentes, y el consumo de materias primas ante nuestro aparente desarrollo, hace que creemos situaciones limite a la madre naturaleza:...","protected":false},"author":1,"featured_media":0,"parent":0,"menu_order":0,"comment_status":"closed","ping_status":"closed","template":"","meta":{"footnotes":""},"class_list":["post-14875","page","type-page","status-publish","hentry"],"aioseo_notices":[],"_links":{"self":[{"href":"https:\/\/fundacionnaturalife.org\/es_es\/wp-json\/wp\/v2\/pages\/14875","targetHints":{"allow":["GET"]}}],"collection":[{"href":"https:\/\/fundacionnaturalife.org\/es_es\/wp-json\/wp\/v2\/pages"}],"about":[{"href":"https:\/\/fundacionnaturalife.org\/es_es\/wp-json\/wp\/v2\/types\/page"}],"author":[{"embeddable":true,"href":"https:\/\/fundacionnaturalife.org\/es_es\/wp-json\/wp\/v2\/users\/1"}],"replies":[{"embeddable":true,"href":"https:\/\/fundacionnaturalife.org\/es_es\/wp-json\/wp\/v2\/comments?post=14875"}],"version-history":[{"count":0,"href":"https:\/\/fundacionnaturalife.org\/es_es\/wp-json\/wp\/v2\/pages\/14875\/revisions"}],"wp:attachment":[{"href":"https:\/\/fundacionnaturalife.org\/es_es\/wp-json\/wp\/v2\/media?parent=14875"}],"curies":[{"name":"wp","href":"https:\/\/api.w.org\/{rel}","templated":true}]}}