{"id":14877,"date":"2017-03-24T09:20:31","date_gmt":"2017-03-24T09:20:31","guid":{"rendered":"https:\/\/fundacionnaturalife.org\/?page_id=14877"},"modified":"2017-03-27T07:01:24","modified_gmt":"2017-03-27T07:01:24","slug":"custodia-del-territorio","status":"publish","type":"page","link":"https:\/\/fundacionnaturalife.org\/es_es\/custodia-del-territorio\/","title":{"rendered":"Custodia del territorio"},"content":{"rendered":"<div      class=\"vc_row wpb_row section vc_row-fluid  vc_custom_1490362626140\" style=' text-align:left;'><div class=\" full_section_inner clearfix\"><div class=\"wpb_column vc_column_container vc_col-sm-12\"><div class=\"vc_column-inner \"><div class=\"wpb_wrapper\">\n\t<div class=\"wpb_text_column wpb_content_element \">\n\t\t<div class=\"wpb_wrapper\">\n\t\t\t<p>Desde la Fundaci\u00f3n Natura Life, realizamos acciones de conservaci\u00f3n, producci\u00f3n y desarrollo sostenible, de manera que fomenten el empleo y econom\u00eda local y rural. Para ello firmamos \u00a0acuerdos de custodia de terreno con propietarios de terrenos naturales (tanto p\u00fablicos, como privados).<\/p>\n<p>Algunas de las acciones que pueden ser la creaci\u00f3n o conservaci\u00f3n de h\u00e1bitat de especies con riesgo de extinci\u00f3n, acciones para el fomento de la agricultura y sus buenas pr\u00e1cticas que favorezcan el Medio Ambiente, reforestaciones para recuperar zonas degradadas o incendiadas, ayudas a la regeneraci\u00f3n, e incluso la creaci\u00f3n de infraestructuras verdes lineales.<\/p>\n\n\t\t<\/div> \n\t<\/div> <\/div><\/div><\/div><\/div><\/div>\n","protected":false},"excerpt":{"rendered":"Desde la Fundaci\u00f3n Natura Life, realizamos acciones de conservaci\u00f3n, producci\u00f3n y desarrollo sostenible, de manera que fomenten el empleo y econom\u00eda local y rural. Para ello firmamos \u00a0acuerdos de custodia de terreno con propietarios de terrenos naturales (tanto p\u00fablicos, como privados). Algunas de las acciones...","protected":false},"author":1,"featured_media":0,"parent":0,"menu_order":0,"comment_status":"closed","ping_status":"closed","template":"","meta":{"footnotes":""},"class_list":["post-14877","page","type-page","status-publish","hentry"],"aioseo_notices":[],"_links":{"self":[{"href":"https:\/\/fundacionnaturalife.org\/es_es\/wp-json\/wp\/v2\/pages\/14877","targetHints":{"allow":["GET"]}}],"collection":[{"href":"https:\/\/fundacionnaturalife.org\/es_es\/wp-json\/wp\/v2\/pages"}],"about":[{"href":"https:\/\/fundacionnaturalife.org\/es_es\/wp-json\/wp\/v2\/types\/page"}],"author":[{"embeddable":true,"href":"https:\/\/fundacionnaturalife.org\/es_es\/wp-json\/wp\/v2\/users\/1"}],"replies":[{"embeddable":true,"href":"https:\/\/fundacionnaturalife.org\/es_es\/wp-json\/wp\/v2\/comments?post=14877"}],"version-history":[{"count":1,"href":"https:\/\/fundacionnaturalife.org\/es_es\/wp-json\/wp\/v2\/pages\/14877\/revisions"}],"predecessor-version":[{"id":14930,"href":"https:\/\/fundacionnaturalife.org\/es_es\/wp-json\/wp\/v2\/pages\/14877\/revisions\/14930"}],"wp:attachment":[{"href":"https:\/\/fundacionnaturalife.org\/es_es\/wp-json\/wp\/v2\/media?parent=14877"}],"curies":[{"name":"wp","href":"https:\/\/api.w.org\/{rel}","templated":true}]}}