{"id":14879,"date":"2017-03-24T09:21:19","date_gmt":"2017-03-24T09:21:19","guid":{"rendered":"https:\/\/fundacionnaturalife.org\/?page_id=14879"},"modified":"2018-09-27T07:09:04","modified_gmt":"2018-09-27T07:09:04","slug":"empresa-y-sostenibilidad","status":"publish","type":"page","link":"https:\/\/fundacionnaturalife.org\/es_es\/empresa-y-sostenibilidad\/","title":{"rendered":"Convenios con empresas"},"content":{"rendered":"<div      class=\"vc_row wpb_row section vc_row-fluid  vc_custom_1490363321887\" style=' text-align:left;'><div class=\" full_section_inner clearfix\"><div class=\"wpb_column vc_column_container vc_col-sm-12\"><div class=\"vc_column-inner \"><div class=\"wpb_wrapper\">\n\t<div class=\"wpb_text_column wpb_content_element \">\n\t\t<div class=\"wpb_wrapper\">\n\t\t\t<p style=\"font-weight: 400;\">Calculamos la huella de Carbono y lo equivalente en emisi\u00f3n de ox\u00edgeno que har\u00eda falta para \u201cNeutralizarlo\u201d no s\u00f3lo con actuaciones en el medio natural (reforestaciones, tratamientos silv\u00edcolas, restauraciones de riberas, etc&#8230;) sino con proyecto integrales que multipliquen los impactos \u00a0socio ambientales de la inversi\u00f3n que estas empresas aportan tanto en el medio rural como urbano mejorando su RSC y consiguiendo su objetivo empresarial de producir de una manera respetuosa y responsable con el Medio Ambiente, un bien de todos..<\/p>\n<p style=\"font-weight: 400;\">Estos proyectos incluyen: Aparte de las actuaciones en el medio natural rural y urbano, Educaci\u00f3n ambiental, apoyo a la investigaci\u00f3n, generaci\u00f3n de empleo y oportunidades a colectivos en riesgo de exclusi\u00f3n social, promoci\u00f3n del voluntariado y asociacionismo, campa\u00f1as de sensibilizaci\u00f3n, prevenci\u00f3n de incendios, actuaciones en el medio natural urbano\u2026<\/p>\n<p style=\"font-weight: 400;\">Todo ello en estrecha colaboraci\u00f3n y coordinaci\u00f3n con las administraciones publicas.<\/p>\n\n\t\t<\/div> \n\t<\/div> <\/div><\/div><\/div><\/div><\/div>\n","protected":false},"excerpt":{"rendered":"Calculamos la huella de Carbono y lo equivalente en emisi\u00f3n de ox\u00edgeno que har\u00eda falta para \u201cNeutralizarlo\u201d no s\u00f3lo con actuaciones en el medio natural (reforestaciones, tratamientos silv\u00edcolas, restauraciones de riberas, etc...) sino con proyecto integrales que multipliquen los impactos \u00a0socio ambientales de la inversi\u00f3n...","protected":false},"author":1,"featured_media":0,"parent":0,"menu_order":0,"comment_status":"closed","ping_status":"closed","template":"","meta":{"footnotes":""},"class_list":["post-14879","page","type-page","status-publish","hentry"],"aioseo_notices":[],"_links":{"self":[{"href":"https:\/\/fundacionnaturalife.org\/es_es\/wp-json\/wp\/v2\/pages\/14879","targetHints":{"allow":["GET"]}}],"collection":[{"href":"https:\/\/fundacionnaturalife.org\/es_es\/wp-json\/wp\/v2\/pages"}],"about":[{"href":"https:\/\/fundacionnaturalife.org\/es_es\/wp-json\/wp\/v2\/types\/page"}],"author":[{"embeddable":true,"href":"https:\/\/fundacionnaturalife.org\/es_es\/wp-json\/wp\/v2\/users\/1"}],"replies":[{"embeddable":true,"href":"https:\/\/fundacionnaturalife.org\/es_es\/wp-json\/wp\/v2\/comments?post=14879"}],"version-history":[{"count":0,"href":"https:\/\/fundacionnaturalife.org\/es_es\/wp-json\/wp\/v2\/pages\/14879\/revisions"}],"wp:attachment":[{"href":"https:\/\/fundacionnaturalife.org\/es_es\/wp-json\/wp\/v2\/media?parent=14879"}],"curies":[{"name":"wp","href":"https:\/\/api.w.org\/{rel}","templated":true}]}}